{"id":312,"date":"2015-05-28T14:02:04","date_gmt":"2015-05-28T14:02:04","guid":{"rendered":"http:\/\/localhost\/wordpress\/renovate\/?page_id=312"},"modified":"2023-06-23T06:49:56","modified_gmt":"2023-06-23T06:49:56","slug":"contact","status":"publish","type":"page","link":"https:\/\/teknomakinalari.com\/?page_id=312","title":{"rendered":"\u0627\u062a\u0635\u0644 \u0628\u0646\u0627"},"content":{"rendered":"<p>[vc_row el_class=&#8221;margin-top-70&#8243;][vc_column type=&#8221;re-smart-column&#8221; width=&#8221;1\/3&#8243;]<h4 class=\"box-header\">\u0645\u0639\u0644\u0648\u0645\u0627\u062a \u0627\u0644\u062a\u0648\u0627\u0635\u0644<\/h4><div class=\"feature-item sl-small-location page-margin-top\"><p>i.O.S.B.DEM\u0130RC\u0130LER SANAY\u0130 S\u0130TES\u0130 E2 BLOK NO.423 \u0130K\u0130TEL\u0130\/BA\u015eAK\u015eEH\u0130R\/\u0130STANBUL<\/p><\/div><div class=\"feature-item sl-small-phone page-margin-top\"><p>\u0627\u0644\u0647\u0627\u062a\u0641:<br \/>\n\u2066+90 539 932 68 66\u2069<\/p><\/div><div class=\"feature-item sl-small-mail page-margin-top\"><p>\u0627\u0644\u0628\u0631\u064a\u062f \u0627\u0644\u0625\u0644\u0643\u062a\u0631\u0648\u0646\u064a:<\/p>\n<p><a href=\"mailto:info@teknomakinalari.com\" target=\"_blank\" rel=\"noopener\">info@teknomakinalari.com<\/a><\/p><\/div><div class=\"feature-item sl-small-clock page-margin-top\"><p>\u0645\u0646 \u0627\u0644\u0625\u062b\u0646\u064a\u0646 \u0625\u0644\u0649 \u0627\u0644\u062c\u0645\u0639\u0629 : 9:00 &#8211; 18:00<br \/>\n\u0627\u0644\u0633\u0628\u062a : 9:00 &#8211; 12:00<\/p><\/div>[\/vc_column][vc_column width=&#8221;2\/3&#8243;]<h3 class=\"box-header page-margin-top\">\u0644\u0627 \u062a\u062a\u0631\u062f\u062f \u0641\u064a \u0627\u0644\u062a\u0648\u0627\u0635\u0644<\/h3><form class=\"contact-form page-margin-top\" id=\"contact_form\" method=\"post\" action=\"#\">\r\n\t\t<div class=\"vc_row wpb_row vc_inner\">\r\n\t\t\t<fieldset class=\"vc_col-sm-6 wpb_column vc_column_container\">\r\n\t\t\t\t<div class=\"block\">\r\n\t\t\t\t\t<input class=\"text_input\" name=\"name\" type=\"text\" value=\"\u0627\u0644\u0627\u0633\u0645 *\" placeholder=\"\u0627\u0644\u0627\u0633\u0645 *\" data-default=\"\u0627\u0644\u0627\u0633\u0645 *\" data-required=\"1\">\r\n\t\t\t\t<\/div>\r\n\t\t\t\t<div class=\"block\">\r\n\t\t\t\t\t<input class=\"text_input\" name=\"email\" type=\"text\" value=\"\u0627\u0644\u0628\u0631\u064a\u062f \u0627\u0644\u0625\u0644\u0643\u062a\u0631\u0648\u0646\u064a *\" placeholder=\"\u0627\u0644\u0628\u0631\u064a\u062f \u0627\u0644\u0625\u0644\u0643\u062a\u0631\u0648\u0646\u064a *\" data-default=\"\u0627\u0644\u0628\u0631\u064a\u062f \u0627\u0644\u0625\u0644\u0643\u062a\u0631\u0648\u0646\u064a *\" data-required=\"1\">\r\n\t\t\t\t<\/div>\r\n\t\t\t\t<div class=\"block\">\r\n\t\t\t\t\t<input class=\"text_input\" name=\"phone\" type=\"text\" value=\"\u0631\u0642\u0645 \u0627\u0644\u0647\u0627\u062a\u0641\" placeholder=\"\u0631\u0642\u0645 \u0627\u0644\u0647\u0627\u062a\u0641\" data-default=\"\u0631\u0642\u0645 \u0627\u0644\u0647\u0627\u062a\u0641\">\r\n\t\t\t\t<\/div>\r\n\t\t\t<\/fieldset>\r\n\t\t\t<fieldset class=\"vc_col-sm-6 wpb_column vc_column_container\">\r\n\t\t\t\t<div class=\"block\">\r\n\t\t\t\t\t<textarea name=\"message\" placeholder=\"\u0646\u0635 \u0627\u0644\u0631\u0633\u0627\u0644\u0629 *\" data-default=\"\u0646\u0635 \u0627\u0644\u0631\u0633\u0627\u0644\u0629 *\" data-required=\"1\">\u0646\u0635 \u0627\u0644\u0631\u0633\u0627\u0644\u0629 *<\/textarea>\r\n\t\t\t\t<\/div>\r\n\t\t\t<\/fieldset>\r\n\t\t<\/div>\r\n\t\t<div class=\"vc_row wpb_row vc_inner submit-container margin-top-30\"><div class=\"vc_col-sm-6 wpb_column vc_column_container\">\r\n\t\t\t\t<p>\u0633\u0648\u0641 \u0646\u062a\u0635\u0644 \u0628\u0643 \u062e\u0644\u0627\u0644 \u064a\u0648\u0645 \u0639\u0645\u0644 \u0648\u0627\u062d\u062f.<\/p>\r\n\t\t\t<\/div>\r\n\t\t\t<div class=\"vc_col-sm-6 wpb_column vc_column_container align-right\"><input type=\"hidden\" name=\"action\" value=\"theme_contact_form\">\r\n\t\t\t\t<input type=\"hidden\" name=\"id\" value=\"contact_form\"><div class=\"vc_row wpb_row vc_inner\">\r\n\t\t\t<input type=\"submit\" name=\"submit\" value=\"\u0625\u0631\u0633\u0627\u0644\" class=\"more\">\r\n\t\t<\/div><\/div><\/div>\r\n\t<\/form>[\/vc_column][\/vc_row][vc_row][vc_column][vc_empty_space][vc_raw_html]JTNDaWZyYW1lJTIwc3JjJTNEJTIyaHR0cHMlM0ElMkYlMkZ3d3cuZ29vZ2xlLmNvbSUyRm1hcHMlMkZlbWJlZCUzRnBiJTNEJTIxMW0xOCUyMTFtMTIlMjExbTMlMjExZDE1MDQuMDc2NDYyODg4MDcyMiUyMTJkMjguODA4OTM1MDExMDEzNzIzJTIxM2Q0MS4wNjU2NDk3NjUxMDgwMiUyMTJtMyUyMTFmMCUyMTJmMCUyMTNmMCUyMTNtMiUyMTFpMTAyNCUyMTJpNzY4JTIxNGYxMy4xJTIxM20zJTIxMW0yJTIxMXMweDE0Y2FhNTk5NWUzYzY5YmYlMjUzQTB4MzczZTRlZmRjMGMwZDRlMiUyMTJ6eExCdmMySWdRbUhGbjJ0aGJtekVzY1NmeExFJTIxNWUwJTIxM20yJTIxMXNhciUyMTJzdHIlMjE0djE2ODc1MDI2MDg1NTAlMjE1bTIlMjExc2FyJTIxMnN0ciUyMiUyMHdpZHRoJTNEJTIyMTAwJTI1JTIyJTIwaGVpZ2h0JTNEJTIyNDUwJTIyJTIwc3R5bGUlM0QlMjJib3JkZXIlM0EwJTNCJTIyJTIwYWxsb3dmdWxsc2NyZWVuJTNEJTIyJTIyJTIwbG9hZGluZyUzRCUyMmxhenklMjIlMjByZWZlcnJlcnBvbGljeSUzRCUyMm5vLXJlZmVycmVyLXdoZW4tZG93bmdyYWRlJTIyJTNFJTNDJTJGaWZyYW1lJTNF[\/vc_raw_html][\/vc_column][\/vc_row]<\/p>\n","protected":false},"excerpt":{"rendered":"<p>[vc_row el_class=&#8221;margin-top-70&#8243;][vc_column type=&#8221;re-smart-column&#8221; width=&#8221;1\/3&#8243;][\/vc_column][vc_column width=&#8221;2\/3&#8243;][\/vc_column][\/vc_row][vc_row][vc_column][vc_empty_space][vc_raw_html]JTNDaWZyYW1lJTIwc3JjJTNEJTIyaHR0cHMlM0ElMkYlMkZ3d3cuZ29vZ2xlLmNvbSUyRm1hcHMlMkZlbWJlZCUzRnBiJTNEJTIxMW0xOCUyMTFtMTIlMjExbTMlMjExZDE1MDQuMDc2NDYyODg4MDcyMiUyMTJkMjguODA4OTM1MDExMDEzNzIzJTIxM2Q0MS4wNjU2NDk3NjUxMDgwMiUyMTJtMyUyMTFmMCUyMTJmMCUyMTNmMCUyMTNtMiUyMTFpMTAyNCUyMTJpNzY4JTIxNGYxMy4xJTIxM20zJTIxMW0yJTIxMXMweDE0Y2FhNTk5NWUzYzY5YmYlMjUzQTB4MzczZTRlZmRjMGMwZDRlMiUyMTJ6eExCdmMySWdRbUhGbjJ0aGJtekVzY1NmeExFJTIxNWUwJTIxM20yJTIxMXNhciUyMTJzdHIlMjE0djE2ODc1MDI2MDg1NTAlMjE1bTIlMjExc2FyJTIxMnN0ciUyMiUyMHdpZHRoJTNEJTIyMTAwJTI1JTIyJTIwaGVpZ2h0JTNEJTIyNDUwJTIyJTIwc3R5bGUlM0QlMjJib3JkZXIlM0EwJTNCJTIyJTIwYWxsb3dmdWxsc2NyZWVuJTNEJTIyJTIyJTIwbG9hZGluZyUzRCUyMmxhenklMjIlMjByZWZlcnJlcnBvbGljeSUzRCUyMm5vLXJlZmVycmVyLXdoZW4tZG93bmdyYWRlJTIyJTNFJTNDJTJGaWZyYW1lJTNF[\/vc_raw_html][\/vc_column][\/vc_row]<\/p>\n","protected":false},"author":1,"featured_media":0,"parent":0,"menu_order":0,"comment_status":"open","ping_status":"open","template":"","meta":{"nf_dc_page":"","_joinchat":{"telephone":"+905399326866"},"footnotes":""},"class_list":["post-312","page","type-page","status-publish","hentry"],"_links":{"self":[{"href":"https:\/\/teknomakinalari.com\/index.php?rest_route=\/wp\/v2\/pages\/312","targetHints":{"allow":["GET"]}}],"collection":[{"href":"https:\/\/teknomakinalari.com\/index.php?rest_route=\/wp\/v2\/pages"}],"about":[{"href":"https:\/\/teknomakinalari.com\/index.php?rest_route=\/wp\/v2\/types\/page"}],"author":[{"embeddable":true,"href":"https:\/\/teknomakinalari.com\/index.php?rest_route=\/wp\/v2\/users\/1"}],"replies":[{"embeddable":true,"href":"https:\/\/teknomakinalari.com\/index.php?rest_route=%2Fwp%2Fv2%2Fcomments&post=312"}],"version-history":[{"count":6,"href":"https:\/\/teknomakinalari.com\/index.php?rest_route=\/wp\/v2\/pages\/312\/revisions"}],"predecessor-version":[{"id":1609,"href":"https:\/\/teknomakinalari.com\/index.php?rest_route=\/wp\/v2\/pages\/312\/revisions\/1609"}],"wp:attachment":[{"href":"https:\/\/teknomakinalari.com\/index.php?rest_route=%2Fwp%2Fv2%2Fmedia&parent=312"}],"curies":[{"name":"wp","href":"https:\/\/api.w.org\/{rel}","templated":true}]}}